{"id":11,"date":"2020-10-23T19:46:11","date_gmt":"2020-10-23T19:46:11","guid":{"rendered":"https:\/\/drtugba.com\/?page_id=11"},"modified":"2021-10-19T00:04:08","modified_gmt":"2021-10-18T21:04:08","slug":"videolar","status":"publish","type":"page","link":"https:\/\/drtugba.com\/?page_id=11","title":{"rendered":"Videolar"},"content":{"rendered":"\t\t<div data-elementor-type=\"wp-page\" data-elementor-id=\"11\" class=\"elementor elementor-11\">\n\t\t\t\t\t\t<section class=\"elementor-section elementor-top-section elementor-element elementor-element-74a6f8d0 elementor-section-boxed elementor-section-height-default elementor-section-height-default\" data-id=\"74a6f8d0\" data-element_type=\"section\" data-e-type=\"section\">\n\t\t\t\t\t\t<div class=\"elementor-container elementor-column-gap-default\">\n\t\t\t\t\t<div class=\"elementor-column elementor-col-100 elementor-top-column elementor-element elementor-element-5f2c8066\" data-id=\"5f2c8066\" data-element_type=\"column\" data-e-type=\"column\">\n\t\t\t<div class=\"elementor-widget-wrap elementor-element-populated\">\n\t\t\t\t\t\t<div class=\"elementor-element elementor-element-4649939 elementor-widget elementor-widget-heading\" data-id=\"4649939\" data-element_type=\"widget\" data-e-type=\"widget\" data-widget_type=\"heading.default\">\n\t\t\t\t<div class=\"elementor-widget-container\">\n\t\t\t\t\t<h2 class=\"elementor-heading-title elementor-size-default\">Covid 19 ve N\u00f6roloji<\/h2>\t\t\t\t<\/div>\n\t\t\t\t<\/div>\n\t\t\t\t\t<\/div>\n\t\t<\/div>\n\t\t\t\t\t<\/div>\n\t\t<\/section>\n\t\t\t\t<section class=\"elementor-section elementor-top-section elementor-element elementor-element-ee09769 elementor-section-boxed elementor-section-height-default elementor-section-height-default\" data-id=\"ee09769\" data-element_type=\"section\" data-e-type=\"section\">\n\t\t\t\t\t\t<div class=\"elementor-container elementor-column-gap-default\">\n\t\t\t\t\t<div class=\"elementor-column elementor-col-100 elementor-top-column elementor-element elementor-element-b9f51ca\" data-id=\"b9f51ca\" data-element_type=\"column\" data-e-type=\"column\">\n\t\t\t<div class=\"elementor-widget-wrap elementor-element-populated\">\n\t\t\t\t\t\t<div class=\"elementor-element elementor-element-47ec022 elementor-widget elementor-widget-text-editor\" data-id=\"47ec022\" data-element_type=\"widget\" data-e-type=\"widget\" data-widget_type=\"text-editor.default\">\n\t\t\t\t<div class=\"elementor-widget-container\">\n\t\t\t\t\t\t\t\t\t<figure class=\"wp-block-embed wp-block-embed-youtube is-type-video is-provider-youtube epyt-figure\"><div class=\"wp-block-embed__wrapper\"><iframe  id=\"_ytid_61542\"  width=\"800\" height=\"450\"  data-origwidth=\"800\" data-origheight=\"450\" src=\"https:\/\/www.youtube.com\/embed\/70C8rgzcQrM?enablejsapi=1&#038;autoplay=0&#038;cc_load_policy=0&#038;cc_lang_pref=&#038;iv_load_policy=1&#038;loop=0&#038;rel=1&#038;fs=1&#038;playsinline=0&#038;autohide=2&#038;theme=dark&#038;color=red&#038;controls=1&#038;disablekb=0&#038;\" class=\"__youtube_prefs__  no-lazyload\" title=\"YouTube player\"  allow=\"fullscreen; accelerometer; autoplay; clipboard-write; encrypted-media; gyroscope; picture-in-picture; web-share\" referrerpolicy=\"strict-origin-when-cross-origin\" allowfullscreen data-no-lazy=\"1\" data-skipgform_ajax_framebjll=\"\"><\/iframe><\/div><\/figure>\t\t\t\t\t\t\t\t<\/div>\n\t\t\t\t<\/div>\n\t\t\t\t\t<\/div>\n\t\t<\/div>\n\t\t\t\t\t<\/div>\n\t\t<\/section>\n\t\t\t\t<section class=\"elementor-section elementor-top-section elementor-element elementor-element-2641d95 elementor-section-boxed elementor-section-height-default elementor-section-height-default\" data-id=\"2641d95\" data-element_type=\"section\" data-e-type=\"section\">\n\t\t\t\t\t\t<div class=\"elementor-container elementor-column-gap-default\">\n\t\t\t\t\t<div class=\"elementor-column elementor-col-100 elementor-top-column elementor-element elementor-element-5b159e6\" data-id=\"5b159e6\" data-element_type=\"column\" data-e-type=\"column\">\n\t\t\t<div class=\"elementor-widget-wrap elementor-element-populated\">\n\t\t\t\t\t\t<div class=\"elementor-element elementor-element-2b5186a elementor-widget elementor-widget-heading\" data-id=\"2b5186a\" data-element_type=\"widget\" data-e-type=\"widget\" data-widget_type=\"heading.default\">\n\t\t\t\t<div class=\"elementor-widget-container\">\n\t\t\t\t\t<h2 class=\"elementor-heading-title elementor-size-default\">Migren<\/h2>\t\t\t\t<\/div>\n\t\t\t\t<\/div>\n\t\t\t\t\t<\/div>\n\t\t<\/div>\n\t\t\t\t\t<\/div>\n\t\t<\/section>\n\t\t\t\t<section class=\"elementor-section elementor-top-section elementor-element elementor-element-b314398 elementor-section-boxed elementor-section-height-default elementor-section-height-default\" data-id=\"b314398\" data-element_type=\"section\" data-e-type=\"section\">\n\t\t\t\t\t\t<div class=\"elementor-container elementor-column-gap-default\">\n\t\t\t\t\t<div class=\"elementor-column elementor-col-100 elementor-top-column elementor-element elementor-element-23875b7\" data-id=\"23875b7\" data-element_type=\"column\" data-e-type=\"column\">\n\t\t\t<div class=\"elementor-widget-wrap elementor-element-populated\">\n\t\t\t\t\t\t<div class=\"elementor-element elementor-element-ed339cf elementor-widget elementor-widget-text-editor\" data-id=\"ed339cf\" data-element_type=\"widget\" data-e-type=\"widget\" data-widget_type=\"text-editor.default\">\n\t\t\t\t<div class=\"elementor-widget-container\">\n\t\t\t\t\t\t\t\t\t<figure class=\"wp-block-embed wp-block-embed-youtube is-type-video is-provider-youtube epyt-figure\"><div class=\"wp-block-embed__wrapper\"><iframe  id=\"_ytid_88390\"  width=\"800\" height=\"450\"  data-origwidth=\"800\" data-origheight=\"450\" src=\"https:\/\/www.youtube.com\/embed\/BHh1uurnnHU?enablejsapi=1&#038;autoplay=0&#038;cc_load_policy=0&#038;cc_lang_pref=&#038;iv_load_policy=1&#038;loop=0&#038;rel=1&#038;fs=1&#038;playsinline=0&#038;autohide=2&#038;theme=dark&#038;color=red&#038;controls=1&#038;disablekb=0&#038;\" class=\"__youtube_prefs__  no-lazyload\" title=\"YouTube player\"  allow=\"fullscreen; accelerometer; autoplay; clipboard-write; encrypted-media; gyroscope; picture-in-picture; web-share\" referrerpolicy=\"strict-origin-when-cross-origin\" allowfullscreen data-no-lazy=\"1\" data-skipgform_ajax_framebjll=\"\"><\/iframe><\/div><\/figure>\t\t\t\t\t\t\t\t<\/div>\n\t\t\t\t<\/div>\n\t\t\t\t\t<\/div>\n\t\t<\/div>\n\t\t\t\t\t<\/div>\n\t\t<\/section>\n\t\t\t\t<section class=\"elementor-section elementor-top-section elementor-element elementor-element-4f3c16c elementor-section-boxed elementor-section-height-default elementor-section-height-default\" data-id=\"4f3c16c\" data-element_type=\"section\" data-e-type=\"section\">\n\t\t\t\t\t\t<div class=\"elementor-container elementor-column-gap-default\">\n\t\t\t\t\t<div class=\"elementor-column elementor-col-100 elementor-top-column elementor-element elementor-element-65c993d\" data-id=\"65c993d\" data-element_type=\"column\" data-e-type=\"column\">\n\t\t\t<div class=\"elementor-widget-wrap elementor-element-populated\">\n\t\t\t\t\t\t<div class=\"elementor-element elementor-element-62ec609 elementor-widget elementor-widget-heading\" data-id=\"62ec609\" data-element_type=\"widget\" data-e-type=\"widget\" data-widget_type=\"heading.default\">\n\t\t\t\t<div class=\"elementor-widget-container\">\n\t\t\t\t\t<h2 class=\"elementor-heading-title elementor-size-large\">Demans ve Alzheimer <\/h2>\t\t\t\t<\/div>\n\t\t\t\t<\/div>\n\t\t\t\t\t<\/div>\n\t\t<\/div>\n\t\t\t\t\t<\/div>\n\t\t<\/section>\n\t\t\t\t<section class=\"elementor-section elementor-top-section elementor-element elementor-element-ab0b8b5 elementor-section-boxed elementor-section-height-default elementor-section-height-default\" data-id=\"ab0b8b5\" data-element_type=\"section\" data-e-type=\"section\">\n\t\t\t\t\t\t<div class=\"elementor-container elementor-column-gap-default\">\n\t\t\t\t\t<div class=\"elementor-column elementor-col-100 elementor-top-column elementor-element elementor-element-63bdb15\" data-id=\"63bdb15\" data-element_type=\"column\" data-e-type=\"column\">\n\t\t\t<div class=\"elementor-widget-wrap elementor-element-populated\">\n\t\t\t\t\t\t<div class=\"elementor-element elementor-element-f685be7 elementor-widget elementor-widget-text-editor\" data-id=\"f685be7\" data-element_type=\"widget\" data-e-type=\"widget\" data-widget_type=\"text-editor.default\">\n\t\t\t\t<div class=\"elementor-widget-container\">\n\t\t\t\t\t\t\t\t\t<figure class=\"wp-block-embed wp-block-embed-youtube is-type-video is-provider-youtube epyt-figure\"><div class=\"wp-block-embed__wrapper\"><iframe  id=\"_ytid_12573\"  width=\"800\" height=\"450\"  data-origwidth=\"800\" data-origheight=\"450\" src=\"https:\/\/www.youtube.com\/embed\/EjhMRwxQ6mw?enablejsapi=1&#038;autoplay=0&#038;cc_load_policy=0&#038;cc_lang_pref=&#038;iv_load_policy=1&#038;loop=0&#038;rel=1&#038;fs=1&#038;playsinline=0&#038;autohide=2&#038;theme=dark&#038;color=red&#038;controls=1&#038;disablekb=0&#038;\" class=\"__youtube_prefs__  no-lazyload\" title=\"YouTube player\"  allow=\"fullscreen; accelerometer; autoplay; clipboard-write; encrypted-media; gyroscope; picture-in-picture; web-share\" referrerpolicy=\"strict-origin-when-cross-origin\" allowfullscreen data-no-lazy=\"1\" data-skipgform_ajax_framebjll=\"\"><\/iframe><\/div><\/figure>\t\t\t\t\t\t\t\t<\/div>\n\t\t\t\t<\/div>\n\t\t\t\t\t<\/div>\n\t\t<\/div>\n\t\t\t\t\t<\/div>\n\t\t<\/section>\n\t\t\t\t<\/div>\n\t\t","protected":false},"excerpt":{"rendered":"<p>Covid 19 ve N\u00f6roloji Migren Demans ve Alzheimer<\/p>\n","protected":false},"author":1,"featured_media":0,"parent":0,"menu_order":0,"comment_status":"closed","ping_status":"closed","template":"","meta":{"colormag_page_container_layout":"default_layout","colormag_page_sidebar_layout":"default_layout","_monsterinsights_skip_tracking":false,"_monsterinsights_sitenote_active":false,"_monsterinsights_sitenote_note":"","_monsterinsights_sitenote_category":0,"_joinchat":[],"footnotes":""},"class_list":["post-11","page","type-page","status-publish","hentry"],"yoast_head":"<!-- This site is optimized with the Yoast SEO plugin v27.4 - https:\/\/yoast.com\/product\/yoast-seo-wordpress\/ -->\n<title>Videolar - Uzman Dr. Tu\u011fba Sema Y\u0131ld\u0131z | Beyin ve Sinir Hastal\u0131klar\u0131 Uzman\u0131<\/title>\n<meta name=\"robots\" content=\"index, follow, max-snippet:-1, max-image-preview:large, max-video-preview:-1\" \/>\n<link rel=\"canonical\" href=\"https:\/\/drtugba.com\/?page_id=11\" \/>\n<meta property=\"og:locale\" content=\"tr_TR\" \/>\n<meta property=\"og:type\" content=\"article\" \/>\n<meta property=\"og:title\" content=\"Videolar - Uzman Dr. Tu\u011fba Sema Y\u0131ld\u0131z | Beyin ve Sinir Hastal\u0131klar\u0131 Uzman\u0131\" \/>\n<meta property=\"og:description\" content=\"Covid 19 ve N\u00f6roloji Migren Demans ve Alzheimer\" \/>\n<meta property=\"og:url\" content=\"https:\/\/drtugba.com\/?page_id=11\" \/>\n<meta property=\"og:site_name\" content=\"Uzman Dr. Tu\u011fba Sema Y\u0131ld\u0131z | Beyin ve Sinir Hastal\u0131klar\u0131 Uzman\u0131\" \/>\n<meta property=\"article:modified_time\" content=\"2021-10-18T21:04:08+00:00\" \/>\n<meta name=\"twitter:card\" content=\"summary_large_image\" \/>\n<meta name=\"twitter:label1\" content=\"Tahmini okuma s\u00fcresi\" \/>\n\t<meta name=\"twitter:data1\" content=\"1 dakika\" \/>\n<script type=\"application\/ld+json\" class=\"yoast-schema-graph\">{\"@context\":\"https:\\\/\\\/schema.org\",\"@graph\":[{\"@type\":\"WebPage\",\"@id\":\"https:\\\/\\\/drtugba.com\\\/?page_id=11\",\"url\":\"https:\\\/\\\/drtugba.com\\\/?page_id=11\",\"name\":\"Videolar - Uzman Dr. Tu\u011fba Sema Y\u0131ld\u0131z | Beyin ve Sinir Hastal\u0131klar\u0131 Uzman\u0131\",\"isPartOf\":{\"@id\":\"https:\\\/\\\/drtugba.com\\\/#website\"},\"datePublished\":\"2020-10-23T19:46:11+00:00\",\"dateModified\":\"2021-10-18T21:04:08+00:00\",\"breadcrumb\":{\"@id\":\"https:\\\/\\\/drtugba.com\\\/?page_id=11#breadcrumb\"},\"inLanguage\":\"tr\",\"potentialAction\":[{\"@type\":\"ReadAction\",\"target\":[\"https:\\\/\\\/drtugba.com\\\/?page_id=11\"]}]},{\"@type\":\"BreadcrumbList\",\"@id\":\"https:\\\/\\\/drtugba.com\\\/?page_id=11#breadcrumb\",\"itemListElement\":[{\"@type\":\"ListItem\",\"position\":1,\"name\":\"Anasayfa\",\"item\":\"https:\\\/\\\/drtugba.com\\\/\"},{\"@type\":\"ListItem\",\"position\":2,\"name\":\"Videolar\"}]},{\"@type\":\"WebSite\",\"@id\":\"https:\\\/\\\/drtugba.com\\\/#website\",\"url\":\"https:\\\/\\\/drtugba.com\\\/\",\"name\":\"Uzman Dr. Tu\u011fba Sema Y\u0131ld\u0131z | Beyin ve Sinir Hastal\u0131klar\u0131 Uzman\u0131\",\"description\":\"\u0130stanbul N\u00f6roloji Uzman\u0131\",\"publisher\":{\"@id\":\"https:\\\/\\\/drtugba.com\\\/#\\\/schema\\\/person\\\/461fd393c8cfa4e262f32f5f971c30d7\"},\"potentialAction\":[{\"@type\":\"SearchAction\",\"target\":{\"@type\":\"EntryPoint\",\"urlTemplate\":\"https:\\\/\\\/drtugba.com\\\/?s={search_term_string}\"},\"query-input\":{\"@type\":\"PropertyValueSpecification\",\"valueRequired\":true,\"valueName\":\"search_term_string\"}}],\"inLanguage\":\"tr\"},{\"@type\":[\"Person\",\"Organization\"],\"@id\":\"https:\\\/\\\/drtugba.com\\\/#\\\/schema\\\/person\\\/461fd393c8cfa4e262f32f5f971c30d7\",\"name\":\"DrTugba\",\"image\":{\"@type\":\"ImageObject\",\"inLanguage\":\"tr\",\"@id\":\"https:\\\/\\\/secure.gravatar.com\\\/avatar\\\/450a554b919b2a2ca45dc8020aebc7efabad123ba9dca8b269e2be2c6eb77e65?s=96&d=mm&r=g\",\"url\":\"https:\\\/\\\/secure.gravatar.com\\\/avatar\\\/450a554b919b2a2ca45dc8020aebc7efabad123ba9dca8b269e2be2c6eb77e65?s=96&d=mm&r=g\",\"contentUrl\":\"https:\\\/\\\/secure.gravatar.com\\\/avatar\\\/450a554b919b2a2ca45dc8020aebc7efabad123ba9dca8b269e2be2c6eb77e65?s=96&d=mm&r=g\",\"caption\":\"DrTugba\"},\"logo\":{\"@id\":\"https:\\\/\\\/secure.gravatar.com\\\/avatar\\\/450a554b919b2a2ca45dc8020aebc7efabad123ba9dca8b269e2be2c6eb77e65?s=96&d=mm&r=g\"}}]}<\/script>\n<!-- \/ Yoast SEO plugin. -->","yoast_head_json":{"title":"Videolar - Uzman Dr. Tu\u011fba Sema Y\u0131ld\u0131z | Beyin ve Sinir Hastal\u0131klar\u0131 Uzman\u0131","robots":{"index":"index","follow":"follow","max-snippet":"max-snippet:-1","max-image-preview":"max-image-preview:large","max-video-preview":"max-video-preview:-1"},"canonical":"https:\/\/drtugba.com\/?page_id=11","og_locale":"tr_TR","og_type":"article","og_title":"Videolar - Uzman Dr. Tu\u011fba Sema Y\u0131ld\u0131z | Beyin ve Sinir Hastal\u0131klar\u0131 Uzman\u0131","og_description":"Covid 19 ve N\u00f6roloji Migren Demans ve Alzheimer","og_url":"https:\/\/drtugba.com\/?page_id=11","og_site_name":"Uzman Dr. Tu\u011fba Sema Y\u0131ld\u0131z | Beyin ve Sinir Hastal\u0131klar\u0131 Uzman\u0131","article_modified_time":"2021-10-18T21:04:08+00:00","twitter_card":"summary_large_image","twitter_misc":{"Tahmini okuma s\u00fcresi":"1 dakika"},"schema":{"@context":"https:\/\/schema.org","@graph":[{"@type":"WebPage","@id":"https:\/\/drtugba.com\/?page_id=11","url":"https:\/\/drtugba.com\/?page_id=11","name":"Videolar - Uzman Dr. Tu\u011fba Sema Y\u0131ld\u0131z | Beyin ve Sinir Hastal\u0131klar\u0131 Uzman\u0131","isPartOf":{"@id":"https:\/\/drtugba.com\/#website"},"datePublished":"2020-10-23T19:46:11+00:00","dateModified":"2021-10-18T21:04:08+00:00","breadcrumb":{"@id":"https:\/\/drtugba.com\/?page_id=11#breadcrumb"},"inLanguage":"tr","potentialAction":[{"@type":"ReadAction","target":["https:\/\/drtugba.com\/?page_id=11"]}]},{"@type":"BreadcrumbList","@id":"https:\/\/drtugba.com\/?page_id=11#breadcrumb","itemListElement":[{"@type":"ListItem","position":1,"name":"Anasayfa","item":"https:\/\/drtugba.com\/"},{"@type":"ListItem","position":2,"name":"Videolar"}]},{"@type":"WebSite","@id":"https:\/\/drtugba.com\/#website","url":"https:\/\/drtugba.com\/","name":"Uzman Dr. Tu\u011fba Sema Y\u0131ld\u0131z | Beyin ve Sinir Hastal\u0131klar\u0131 Uzman\u0131","description":"\u0130stanbul N\u00f6roloji Uzman\u0131","publisher":{"@id":"https:\/\/drtugba.com\/#\/schema\/person\/461fd393c8cfa4e262f32f5f971c30d7"},"potentialAction":[{"@type":"SearchAction","target":{"@type":"EntryPoint","urlTemplate":"https:\/\/drtugba.com\/?s={search_term_string}"},"query-input":{"@type":"PropertyValueSpecification","valueRequired":true,"valueName":"search_term_string"}}],"inLanguage":"tr"},{"@type":["Person","Organization"],"@id":"https:\/\/drtugba.com\/#\/schema\/person\/461fd393c8cfa4e262f32f5f971c30d7","name":"DrTugba","image":{"@type":"ImageObject","inLanguage":"tr","@id":"https:\/\/secure.gravatar.com\/avatar\/450a554b919b2a2ca45dc8020aebc7efabad123ba9dca8b269e2be2c6eb77e65?s=96&d=mm&r=g","url":"https:\/\/secure.gravatar.com\/avatar\/450a554b919b2a2ca45dc8020aebc7efabad123ba9dca8b269e2be2c6eb77e65?s=96&d=mm&r=g","contentUrl":"https:\/\/secure.gravatar.com\/avatar\/450a554b919b2a2ca45dc8020aebc7efabad123ba9dca8b269e2be2c6eb77e65?s=96&d=mm&r=g","caption":"DrTugba"},"logo":{"@id":"https:\/\/secure.gravatar.com\/avatar\/450a554b919b2a2ca45dc8020aebc7efabad123ba9dca8b269e2be2c6eb77e65?s=96&d=mm&r=g"}}]}},"jetpack_sharing_enabled":true,"_links":{"self":[{"href":"https:\/\/drtugba.com\/index.php?rest_route=\/wp\/v2\/pages\/11","targetHints":{"allow":["GET"]}}],"collection":[{"href":"https:\/\/drtugba.com\/index.php?rest_route=\/wp\/v2\/pages"}],"about":[{"href":"https:\/\/drtugba.com\/index.php?rest_route=\/wp\/v2\/types\/page"}],"author":[{"embeddable":true,"href":"https:\/\/drtugba.com\/index.php?rest_route=\/wp\/v2\/users\/1"}],"replies":[{"embeddable":true,"href":"https:\/\/drtugba.com\/index.php?rest_route=%2Fwp%2Fv2%2Fcomments&post=11"}],"version-history":[{"count":30,"href":"https:\/\/drtugba.com\/index.php?rest_route=\/wp\/v2\/pages\/11\/revisions"}],"predecessor-version":[{"id":235,"href":"https:\/\/drtugba.com\/index.php?rest_route=\/wp\/v2\/pages\/11\/revisions\/235"}],"wp:attachment":[{"href":"https:\/\/drtugba.com\/index.php?rest_route=%2Fwp%2Fv2%2Fmedia&parent=11"}],"curies":[{"name":"wp","href":"https:\/\/api.w.org\/{rel}","templated":true}]}}