{"id":14,"date":"2020-10-23T19:46:11","date_gmt":"2020-10-23T19:46:11","guid":{"rendered":"https:\/\/drtugba.com\/?page_id=14"},"modified":"2020-10-23T19:46:11","modified_gmt":"2020-10-23T19:46:11","slug":"hastaliklar","status":"publish","type":"page","link":"https:\/\/drtugba.com\/?page_id=14","title":{"rendered":"Hastal\u0131klar"},"content":{"rendered":"","protected":false},"excerpt":{"rendered":"","protected":false},"author":1,"featured_media":0,"parent":0,"menu_order":0,"comment_status":"closed","ping_status":"closed","template":"","meta":{"colormag_page_container_layout":"default_layout","colormag_page_sidebar_layout":"default_layout","_monsterinsights_skip_tracking":false,"_monsterinsights_sitenote_active":false,"_monsterinsights_sitenote_note":"","_monsterinsights_sitenote_category":0,"_joinchat":[],"footnotes":""},"class_list":["post-14","page","type-page","status-publish","hentry"],"yoast_head":"<!-- This site is optimized with the Yoast SEO plugin v27.4 - https:\/\/yoast.com\/product\/yoast-seo-wordpress\/ -->\n<title>Hastal\u0131klar - Uzman Dr. Tu\u011fba Sema Y\u0131ld\u0131z | Beyin ve Sinir Hastal\u0131klar\u0131 Uzman\u0131<\/title>\n<meta name=\"robots\" content=\"index, follow, max-snippet:-1, max-image-preview:large, max-video-preview:-1\" \/>\n<link rel=\"canonical\" href=\"https:\/\/drtugba.com\/?page_id=14\" \/>\n<meta property=\"og:locale\" content=\"tr_TR\" \/>\n<meta property=\"og:type\" content=\"article\" \/>\n<meta property=\"og:title\" content=\"Hastal\u0131klar - Uzman Dr. Tu\u011fba Sema Y\u0131ld\u0131z | Beyin ve Sinir Hastal\u0131klar\u0131 Uzman\u0131\" \/>\n<meta property=\"og:url\" content=\"https:\/\/drtugba.com\/?page_id=14\" \/>\n<meta property=\"og:site_name\" content=\"Uzman Dr. Tu\u011fba Sema Y\u0131ld\u0131z | Beyin ve Sinir Hastal\u0131klar\u0131 Uzman\u0131\" \/>\n<meta name=\"twitter:card\" content=\"summary_large_image\" \/>\n<script type=\"application\/ld+json\" class=\"yoast-schema-graph\">{\"@context\":\"https:\\\/\\\/schema.org\",\"@graph\":[{\"@type\":\"WebPage\",\"@id\":\"https:\\\/\\\/drtugba.com\\\/?page_id=14\",\"url\":\"https:\\\/\\\/drtugba.com\\\/?page_id=14\",\"name\":\"Hastal\u0131klar - Uzman Dr. Tu\u011fba Sema Y\u0131ld\u0131z | Beyin ve Sinir Hastal\u0131klar\u0131 Uzman\u0131\",\"isPartOf\":{\"@id\":\"https:\\\/\\\/drtugba.com\\\/#website\"},\"datePublished\":\"2020-10-23T19:46:11+00:00\",\"breadcrumb\":{\"@id\":\"https:\\\/\\\/drtugba.com\\\/?page_id=14#breadcrumb\"},\"inLanguage\":\"tr\",\"potentialAction\":[{\"@type\":\"ReadAction\",\"target\":[\"https:\\\/\\\/drtugba.com\\\/?page_id=14\"]}]},{\"@type\":\"BreadcrumbList\",\"@id\":\"https:\\\/\\\/drtugba.com\\\/?page_id=14#breadcrumb\",\"itemListElement\":[{\"@type\":\"ListItem\",\"position\":1,\"name\":\"Anasayfa\",\"item\":\"https:\\\/\\\/drtugba.com\\\/\"},{\"@type\":\"ListItem\",\"position\":2,\"name\":\"Hastal\u0131klar\"}]},{\"@type\":\"WebSite\",\"@id\":\"https:\\\/\\\/drtugba.com\\\/#website\",\"url\":\"https:\\\/\\\/drtugba.com\\\/\",\"name\":\"Uzman Dr. Tu\u011fba Sema Y\u0131ld\u0131z | Beyin ve Sinir Hastal\u0131klar\u0131 Uzman\u0131\",\"description\":\"\u0130stanbul N\u00f6roloji Uzman\u0131\",\"publisher\":{\"@id\":\"https:\\\/\\\/drtugba.com\\\/#\\\/schema\\\/person\\\/461fd393c8cfa4e262f32f5f971c30d7\"},\"potentialAction\":[{\"@type\":\"SearchAction\",\"target\":{\"@type\":\"EntryPoint\",\"urlTemplate\":\"https:\\\/\\\/drtugba.com\\\/?s={search_term_string}\"},\"query-input\":{\"@type\":\"PropertyValueSpecification\",\"valueRequired\":true,\"valueName\":\"search_term_string\"}}],\"inLanguage\":\"tr\"},{\"@type\":[\"Person\",\"Organization\"],\"@id\":\"https:\\\/\\\/drtugba.com\\\/#\\\/schema\\\/person\\\/461fd393c8cfa4e262f32f5f971c30d7\",\"name\":\"DrTugba\",\"image\":{\"@type\":\"ImageObject\",\"inLanguage\":\"tr\",\"@id\":\"https:\\\/\\\/secure.gravatar.com\\\/avatar\\\/450a554b919b2a2ca45dc8020aebc7efabad123ba9dca8b269e2be2c6eb77e65?s=96&d=mm&r=g\",\"url\":\"https:\\\/\\\/secure.gravatar.com\\\/avatar\\\/450a554b919b2a2ca45dc8020aebc7efabad123ba9dca8b269e2be2c6eb77e65?s=96&d=mm&r=g\",\"contentUrl\":\"https:\\\/\\\/secure.gravatar.com\\\/avatar\\\/450a554b919b2a2ca45dc8020aebc7efabad123ba9dca8b269e2be2c6eb77e65?s=96&d=mm&r=g\",\"caption\":\"DrTugba\"},\"logo\":{\"@id\":\"https:\\\/\\\/secure.gravatar.com\\\/avatar\\\/450a554b919b2a2ca45dc8020aebc7efabad123ba9dca8b269e2be2c6eb77e65?s=96&d=mm&r=g\"}}]}<\/script>\n<!-- \/ Yoast SEO plugin. -->","yoast_head_json":{"title":"Hastal\u0131klar - Uzman Dr. Tu\u011fba Sema Y\u0131ld\u0131z | Beyin ve Sinir Hastal\u0131klar\u0131 Uzman\u0131","robots":{"index":"index","follow":"follow","max-snippet":"max-snippet:-1","max-image-preview":"max-image-preview:large","max-video-preview":"max-video-preview:-1"},"canonical":"https:\/\/drtugba.com\/?page_id=14","og_locale":"tr_TR","og_type":"article","og_title":"Hastal\u0131klar - Uzman Dr. Tu\u011fba Sema Y\u0131ld\u0131z | Beyin ve Sinir Hastal\u0131klar\u0131 Uzman\u0131","og_url":"https:\/\/drtugba.com\/?page_id=14","og_site_name":"Uzman Dr. Tu\u011fba Sema Y\u0131ld\u0131z | Beyin ve Sinir Hastal\u0131klar\u0131 Uzman\u0131","twitter_card":"summary_large_image","schema":{"@context":"https:\/\/schema.org","@graph":[{"@type":"WebPage","@id":"https:\/\/drtugba.com\/?page_id=14","url":"https:\/\/drtugba.com\/?page_id=14","name":"Hastal\u0131klar - Uzman Dr. Tu\u011fba Sema Y\u0131ld\u0131z | Beyin ve Sinir Hastal\u0131klar\u0131 Uzman\u0131","isPartOf":{"@id":"https:\/\/drtugba.com\/#website"},"datePublished":"2020-10-23T19:46:11+00:00","breadcrumb":{"@id":"https:\/\/drtugba.com\/?page_id=14#breadcrumb"},"inLanguage":"tr","potentialAction":[{"@type":"ReadAction","target":["https:\/\/drtugba.com\/?page_id=14"]}]},{"@type":"BreadcrumbList","@id":"https:\/\/drtugba.com\/?page_id=14#breadcrumb","itemListElement":[{"@type":"ListItem","position":1,"name":"Anasayfa","item":"https:\/\/drtugba.com\/"},{"@type":"ListItem","position":2,"name":"Hastal\u0131klar"}]},{"@type":"WebSite","@id":"https:\/\/drtugba.com\/#website","url":"https:\/\/drtugba.com\/","name":"Uzman Dr. Tu\u011fba Sema Y\u0131ld\u0131z | Beyin ve Sinir Hastal\u0131klar\u0131 Uzman\u0131","description":"\u0130stanbul N\u00f6roloji Uzman\u0131","publisher":{"@id":"https:\/\/drtugba.com\/#\/schema\/person\/461fd393c8cfa4e262f32f5f971c30d7"},"potentialAction":[{"@type":"SearchAction","target":{"@type":"EntryPoint","urlTemplate":"https:\/\/drtugba.com\/?s={search_term_string}"},"query-input":{"@type":"PropertyValueSpecification","valueRequired":true,"valueName":"search_term_string"}}],"inLanguage":"tr"},{"@type":["Person","Organization"],"@id":"https:\/\/drtugba.com\/#\/schema\/person\/461fd393c8cfa4e262f32f5f971c30d7","name":"DrTugba","image":{"@type":"ImageObject","inLanguage":"tr","@id":"https:\/\/secure.gravatar.com\/avatar\/450a554b919b2a2ca45dc8020aebc7efabad123ba9dca8b269e2be2c6eb77e65?s=96&d=mm&r=g","url":"https:\/\/secure.gravatar.com\/avatar\/450a554b919b2a2ca45dc8020aebc7efabad123ba9dca8b269e2be2c6eb77e65?s=96&d=mm&r=g","contentUrl":"https:\/\/secure.gravatar.com\/avatar\/450a554b919b2a2ca45dc8020aebc7efabad123ba9dca8b269e2be2c6eb77e65?s=96&d=mm&r=g","caption":"DrTugba"},"logo":{"@id":"https:\/\/secure.gravatar.com\/avatar\/450a554b919b2a2ca45dc8020aebc7efabad123ba9dca8b269e2be2c6eb77e65?s=96&d=mm&r=g"}}]}},"jetpack_sharing_enabled":true,"_links":{"self":[{"href":"https:\/\/drtugba.com\/index.php?rest_route=\/wp\/v2\/pages\/14","targetHints":{"allow":["GET"]}}],"collection":[{"href":"https:\/\/drtugba.com\/index.php?rest_route=\/wp\/v2\/pages"}],"about":[{"href":"https:\/\/drtugba.com\/index.php?rest_route=\/wp\/v2\/types\/page"}],"author":[{"embeddable":true,"href":"https:\/\/drtugba.com\/index.php?rest_route=\/wp\/v2\/users\/1"}],"replies":[{"embeddable":true,"href":"https:\/\/drtugba.com\/index.php?rest_route=%2Fwp%2Fv2%2Fcomments&post=14"}],"version-history":[{"count":1,"href":"https:\/\/drtugba.com\/index.php?rest_route=\/wp\/v2\/pages\/14\/revisions"}],"predecessor-version":[{"id":21,"href":"https:\/\/drtugba.com\/index.php?rest_route=\/wp\/v2\/pages\/14\/revisions\/21"}],"wp:attachment":[{"href":"https:\/\/drtugba.com\/index.php?rest_route=%2Fwp%2Fv2%2Fmedia&parent=14"}],"curies":[{"name":"wp","href":"https:\/\/api.w.org\/{rel}","templated":true}]}}