{"id":15,"date":"2020-10-23T19:46:11","date_gmt":"2020-10-23T19:46:11","guid":{"rendered":"https:\/\/drtugba.com\/?page_id=15"},"modified":"2021-10-19T00:15:34","modified_gmt":"2021-10-18T21:15:34","slug":"basinda","status":"publish","type":"page","link":"https:\/\/drtugba.com\/?page_id=15","title":{"rendered":"Bas\u0131nda"},"content":{"rendered":"\t\t<div data-elementor-type=\"wp-page\" data-elementor-id=\"15\" class=\"elementor elementor-15\">\n\t\t\t\t\t\t<section class=\"elementor-section elementor-top-section elementor-element elementor-element-6b135ae elementor-section-boxed elementor-section-height-default elementor-section-height-default\" data-id=\"6b135ae\" data-element_type=\"section\" data-e-type=\"section\">\n\t\t\t\t\t\t<div class=\"elementor-container elementor-column-gap-default\">\n\t\t\t\t\t<div class=\"elementor-column elementor-col-100 elementor-top-column elementor-element elementor-element-7f505f3\" data-id=\"7f505f3\" data-element_type=\"column\" data-e-type=\"column\">\n\t\t\t<div class=\"elementor-widget-wrap elementor-element-populated\">\n\t\t\t\t\t\t<div class=\"elementor-element elementor-element-4c008cb elementor-widget elementor-widget-heading\" data-id=\"4c008cb\" data-element_type=\"widget\" data-e-type=\"widget\" data-widget_type=\"heading.default\">\n\t\t\t\t<div class=\"elementor-widget-container\">\n\t\t\t\t\t<h2 class=\"elementor-heading-title elementor-size-default\"><a href=\"https:\/\/www.hurriyet.com.tr\/kelebek\/saglik\/uyku-problemini-yenmenin-puf-noktalari-41540416\">H\u00fcrriyet'te<\/a><\/h2>\t\t\t\t<\/div>\n\t\t\t\t<\/div>\n\t\t\t\t\t<\/div>\n\t\t<\/div>\n\t\t\t\t\t<\/div>\n\t\t<\/section>\n\t\t\t\t<section class=\"elementor-section elementor-top-section elementor-element elementor-element-ac39397 elementor-section-boxed elementor-section-height-default elementor-section-height-default\" data-id=\"ac39397\" data-element_type=\"section\" data-e-type=\"section\">\n\t\t\t\t\t\t<div class=\"elementor-container elementor-column-gap-default\">\n\t\t\t\t\t<div class=\"elementor-column elementor-col-100 elementor-top-column elementor-element elementor-element-f11b9a7\" data-id=\"f11b9a7\" data-element_type=\"column\" data-e-type=\"column\">\n\t\t\t<div class=\"elementor-widget-wrap elementor-element-populated\">\n\t\t\t\t\t\t<div class=\"elementor-element elementor-element-ff41e74 elementor-widget elementor-widget-text-editor\" data-id=\"ff41e74\" data-element_type=\"widget\" data-e-type=\"widget\" data-widget_type=\"text-editor.default\">\n\t\t\t\t<div class=\"elementor-widget-container\">\n\t\t\t\t\t\t\t\t\t<p><a href=\"https:\/\/www.hurriyet.com.tr\/kelebek\/saglik\/uyku-problemini-yenmenin-puf-noktalari-41540416\">Uyku Problemini Yenmenin P\u00fcf Noktalar\u0131<\/a><\/p>\t\t\t\t\t\t\t\t<\/div>\n\t\t\t\t<\/div>\n\t\t\t\t\t<\/div>\n\t\t<\/div>\n\t\t\t\t\t<\/div>\n\t\t<\/section>\n\t\t\t\t<\/div>\n\t\t","protected":false},"excerpt":{"rendered":"<p>H\u00fcrriyet&#8217;te Uyku Problemini Yenmenin P\u00fcf Noktalar\u0131<\/p>\n","protected":false},"author":1,"featured_media":0,"parent":0,"menu_order":0,"comment_status":"closed","ping_status":"closed","template":"","meta":{"colormag_page_container_layout":"default_layout","colormag_page_sidebar_layout":"default_layout","_monsterinsights_skip_tracking":false,"_monsterinsights_sitenote_active":false,"_monsterinsights_sitenote_note":"","_monsterinsights_sitenote_category":0,"_joinchat":[],"footnotes":""},"class_list":["post-15","page","type-page","status-publish","hentry"],"yoast_head":"<!-- This site is optimized with the Yoast SEO plugin v27.4 - https:\/\/yoast.com\/product\/yoast-seo-wordpress\/ -->\n<title>Bas\u0131nda - Uzman Dr. Tu\u011fba Sema Y\u0131ld\u0131z | Beyin ve Sinir Hastal\u0131klar\u0131 Uzman\u0131<\/title>\n<meta name=\"robots\" content=\"index, follow, max-snippet:-1, max-image-preview:large, max-video-preview:-1\" \/>\n<link rel=\"canonical\" href=\"https:\/\/drtugba.com\/?page_id=15\" \/>\n<meta property=\"og:locale\" content=\"tr_TR\" \/>\n<meta property=\"og:type\" content=\"article\" \/>\n<meta property=\"og:title\" content=\"Bas\u0131nda - Uzman Dr. Tu\u011fba Sema Y\u0131ld\u0131z | Beyin ve Sinir Hastal\u0131klar\u0131 Uzman\u0131\" \/>\n<meta property=\"og:description\" content=\"H\u00fcrriyet&#8217;te Uyku Problemini Yenmenin P\u00fcf Noktalar\u0131\" \/>\n<meta property=\"og:url\" content=\"https:\/\/drtugba.com\/?page_id=15\" \/>\n<meta property=\"og:site_name\" content=\"Uzman Dr. Tu\u011fba Sema Y\u0131ld\u0131z | Beyin ve Sinir Hastal\u0131klar\u0131 Uzman\u0131\" \/>\n<meta property=\"article:modified_time\" content=\"2021-10-18T21:15:34+00:00\" \/>\n<meta name=\"twitter:card\" content=\"summary_large_image\" \/>\n<meta name=\"twitter:label1\" content=\"Tahmini okuma s\u00fcresi\" \/>\n\t<meta name=\"twitter:data1\" content=\"1 dakika\" \/>\n<script type=\"application\/ld+json\" class=\"yoast-schema-graph\">{\"@context\":\"https:\\\/\\\/schema.org\",\"@graph\":[{\"@type\":\"WebPage\",\"@id\":\"https:\\\/\\\/drtugba.com\\\/?page_id=15\",\"url\":\"https:\\\/\\\/drtugba.com\\\/?page_id=15\",\"name\":\"Bas\u0131nda - Uzman Dr. Tu\u011fba Sema Y\u0131ld\u0131z | Beyin ve Sinir Hastal\u0131klar\u0131 Uzman\u0131\",\"isPartOf\":{\"@id\":\"https:\\\/\\\/drtugba.com\\\/#website\"},\"datePublished\":\"2020-10-23T19:46:11+00:00\",\"dateModified\":\"2021-10-18T21:15:34+00:00\",\"breadcrumb\":{\"@id\":\"https:\\\/\\\/drtugba.com\\\/?page_id=15#breadcrumb\"},\"inLanguage\":\"tr\",\"potentialAction\":[{\"@type\":\"ReadAction\",\"target\":[\"https:\\\/\\\/drtugba.com\\\/?page_id=15\"]}]},{\"@type\":\"BreadcrumbList\",\"@id\":\"https:\\\/\\\/drtugba.com\\\/?page_id=15#breadcrumb\",\"itemListElement\":[{\"@type\":\"ListItem\",\"position\":1,\"name\":\"Anasayfa\",\"item\":\"https:\\\/\\\/drtugba.com\\\/\"},{\"@type\":\"ListItem\",\"position\":2,\"name\":\"Bas\u0131nda\"}]},{\"@type\":\"WebSite\",\"@id\":\"https:\\\/\\\/drtugba.com\\\/#website\",\"url\":\"https:\\\/\\\/drtugba.com\\\/\",\"name\":\"Uzman Dr. Tu\u011fba Sema Y\u0131ld\u0131z | Beyin ve Sinir Hastal\u0131klar\u0131 Uzman\u0131\",\"description\":\"\u0130stanbul N\u00f6roloji Uzman\u0131\",\"publisher\":{\"@id\":\"https:\\\/\\\/drtugba.com\\\/#\\\/schema\\\/person\\\/461fd393c8cfa4e262f32f5f971c30d7\"},\"potentialAction\":[{\"@type\":\"SearchAction\",\"target\":{\"@type\":\"EntryPoint\",\"urlTemplate\":\"https:\\\/\\\/drtugba.com\\\/?s={search_term_string}\"},\"query-input\":{\"@type\":\"PropertyValueSpecification\",\"valueRequired\":true,\"valueName\":\"search_term_string\"}}],\"inLanguage\":\"tr\"},{\"@type\":[\"Person\",\"Organization\"],\"@id\":\"https:\\\/\\\/drtugba.com\\\/#\\\/schema\\\/person\\\/461fd393c8cfa4e262f32f5f971c30d7\",\"name\":\"DrTugba\",\"image\":{\"@type\":\"ImageObject\",\"inLanguage\":\"tr\",\"@id\":\"https:\\\/\\\/secure.gravatar.com\\\/avatar\\\/450a554b919b2a2ca45dc8020aebc7efabad123ba9dca8b269e2be2c6eb77e65?s=96&d=mm&r=g\",\"url\":\"https:\\\/\\\/secure.gravatar.com\\\/avatar\\\/450a554b919b2a2ca45dc8020aebc7efabad123ba9dca8b269e2be2c6eb77e65?s=96&d=mm&r=g\",\"contentUrl\":\"https:\\\/\\\/secure.gravatar.com\\\/avatar\\\/450a554b919b2a2ca45dc8020aebc7efabad123ba9dca8b269e2be2c6eb77e65?s=96&d=mm&r=g\",\"caption\":\"DrTugba\"},\"logo\":{\"@id\":\"https:\\\/\\\/secure.gravatar.com\\\/avatar\\\/450a554b919b2a2ca45dc8020aebc7efabad123ba9dca8b269e2be2c6eb77e65?s=96&d=mm&r=g\"}}]}<\/script>\n<!-- \/ Yoast SEO plugin. -->","yoast_head_json":{"title":"Bas\u0131nda - Uzman Dr. Tu\u011fba Sema Y\u0131ld\u0131z | Beyin ve Sinir Hastal\u0131klar\u0131 Uzman\u0131","robots":{"index":"index","follow":"follow","max-snippet":"max-snippet:-1","max-image-preview":"max-image-preview:large","max-video-preview":"max-video-preview:-1"},"canonical":"https:\/\/drtugba.com\/?page_id=15","og_locale":"tr_TR","og_type":"article","og_title":"Bas\u0131nda - Uzman Dr. Tu\u011fba Sema Y\u0131ld\u0131z | Beyin ve Sinir Hastal\u0131klar\u0131 Uzman\u0131","og_description":"H\u00fcrriyet&#8217;te Uyku Problemini Yenmenin P\u00fcf Noktalar\u0131","og_url":"https:\/\/drtugba.com\/?page_id=15","og_site_name":"Uzman Dr. Tu\u011fba Sema Y\u0131ld\u0131z | Beyin ve Sinir Hastal\u0131klar\u0131 Uzman\u0131","article_modified_time":"2021-10-18T21:15:34+00:00","twitter_card":"summary_large_image","twitter_misc":{"Tahmini okuma s\u00fcresi":"1 dakika"},"schema":{"@context":"https:\/\/schema.org","@graph":[{"@type":"WebPage","@id":"https:\/\/drtugba.com\/?page_id=15","url":"https:\/\/drtugba.com\/?page_id=15","name":"Bas\u0131nda - Uzman Dr. Tu\u011fba Sema Y\u0131ld\u0131z | Beyin ve Sinir Hastal\u0131klar\u0131 Uzman\u0131","isPartOf":{"@id":"https:\/\/drtugba.com\/#website"},"datePublished":"2020-10-23T19:46:11+00:00","dateModified":"2021-10-18T21:15:34+00:00","breadcrumb":{"@id":"https:\/\/drtugba.com\/?page_id=15#breadcrumb"},"inLanguage":"tr","potentialAction":[{"@type":"ReadAction","target":["https:\/\/drtugba.com\/?page_id=15"]}]},{"@type":"BreadcrumbList","@id":"https:\/\/drtugba.com\/?page_id=15#breadcrumb","itemListElement":[{"@type":"ListItem","position":1,"name":"Anasayfa","item":"https:\/\/drtugba.com\/"},{"@type":"ListItem","position":2,"name":"Bas\u0131nda"}]},{"@type":"WebSite","@id":"https:\/\/drtugba.com\/#website","url":"https:\/\/drtugba.com\/","name":"Uzman Dr. Tu\u011fba Sema Y\u0131ld\u0131z | Beyin ve Sinir Hastal\u0131klar\u0131 Uzman\u0131","description":"\u0130stanbul N\u00f6roloji Uzman\u0131","publisher":{"@id":"https:\/\/drtugba.com\/#\/schema\/person\/461fd393c8cfa4e262f32f5f971c30d7"},"potentialAction":[{"@type":"SearchAction","target":{"@type":"EntryPoint","urlTemplate":"https:\/\/drtugba.com\/?s={search_term_string}"},"query-input":{"@type":"PropertyValueSpecification","valueRequired":true,"valueName":"search_term_string"}}],"inLanguage":"tr"},{"@type":["Person","Organization"],"@id":"https:\/\/drtugba.com\/#\/schema\/person\/461fd393c8cfa4e262f32f5f971c30d7","name":"DrTugba","image":{"@type":"ImageObject","inLanguage":"tr","@id":"https:\/\/secure.gravatar.com\/avatar\/450a554b919b2a2ca45dc8020aebc7efabad123ba9dca8b269e2be2c6eb77e65?s=96&d=mm&r=g","url":"https:\/\/secure.gravatar.com\/avatar\/450a554b919b2a2ca45dc8020aebc7efabad123ba9dca8b269e2be2c6eb77e65?s=96&d=mm&r=g","contentUrl":"https:\/\/secure.gravatar.com\/avatar\/450a554b919b2a2ca45dc8020aebc7efabad123ba9dca8b269e2be2c6eb77e65?s=96&d=mm&r=g","caption":"DrTugba"},"logo":{"@id":"https:\/\/secure.gravatar.com\/avatar\/450a554b919b2a2ca45dc8020aebc7efabad123ba9dca8b269e2be2c6eb77e65?s=96&d=mm&r=g"}}]}},"jetpack_sharing_enabled":true,"_links":{"self":[{"href":"https:\/\/drtugba.com\/index.php?rest_route=\/wp\/v2\/pages\/15","targetHints":{"allow":["GET"]}}],"collection":[{"href":"https:\/\/drtugba.com\/index.php?rest_route=\/wp\/v2\/pages"}],"about":[{"href":"https:\/\/drtugba.com\/index.php?rest_route=\/wp\/v2\/types\/page"}],"author":[{"embeddable":true,"href":"https:\/\/drtugba.com\/index.php?rest_route=\/wp\/v2\/users\/1"}],"replies":[{"embeddable":true,"href":"https:\/\/drtugba.com\/index.php?rest_route=%2Fwp%2Fv2%2Fcomments&post=15"}],"version-history":[{"count":13,"href":"https:\/\/drtugba.com\/index.php?rest_route=\/wp\/v2\/pages\/15\/revisions"}],"predecessor-version":[{"id":246,"href":"https:\/\/drtugba.com\/index.php?rest_route=\/wp\/v2\/pages\/15\/revisions\/246"}],"wp:attachment":[{"href":"https:\/\/drtugba.com\/index.php?rest_route=%2Fwp%2Fv2%2Fmedia&parent=15"}],"curies":[{"name":"wp","href":"https:\/\/api.w.org\/{rel}","templated":true}]}}