{"id":42,"date":"2020-10-23T20:45:34","date_gmt":"2020-10-23T20:45:34","guid":{"rendered":"https:\/\/drtugba.com\/?page_id=42"},"modified":"2021-04-19T00:23:09","modified_gmt":"2021-04-18T21:23:09","slug":"iletisim","status":"publish","type":"page","link":"https:\/\/drtugba.com\/?page_id=42","title":{"rendered":"ileti\u015fim"},"content":{"rendered":"\t\t<div data-elementor-type=\"wp-page\" data-elementor-id=\"42\" class=\"elementor elementor-42\">\n\t\t\t\t\t\t<section class=\"elementor-section elementor-top-section elementor-element elementor-element-439df7e3 elementor-section-full_width elementor-section-height-default elementor-section-height-default\" data-id=\"439df7e3\" data-element_type=\"section\" data-e-type=\"section\">\n\t\t\t\t\t\t<div class=\"elementor-container elementor-column-gap-no\">\n\t\t\t\t\t<div class=\"elementor-column elementor-col-100 elementor-top-column elementor-element elementor-element-41e52df7\" data-id=\"41e52df7\" data-element_type=\"column\" data-e-type=\"column\">\n\t\t\t<div class=\"elementor-widget-wrap elementor-element-populated\">\n\t\t\t\t\t\t<div class=\"elementor-element elementor-element-26cfe96c elementor-widget elementor-widget-google_maps\" data-id=\"26cfe96c\" data-element_type=\"widget\" data-e-type=\"widget\" data-widget_type=\"google_maps.default\">\n\t\t\t\t<div class=\"elementor-widget-container\">\n\t\t\t\t\t\t\t<div class=\"elementor-custom-embed\">\n\t\t\t<iframe loading=\"lazy\"\n\t\t\t\t\tsrc=\"https:\/\/maps.google.com\/maps?q=Medistanbul%20Hastanesi&#038;t=m&#038;z=16&#038;output=embed&#038;iwloc=near\"\n\t\t\t\t\ttitle=\"Medistanbul Hastanesi\"\n\t\t\t\t\taria-label=\"Medistanbul Hastanesi\"\n\t\t\t><\/iframe>\n\t\t<\/div>\n\t\t\t\t\t\t<\/div>\n\t\t\t\t<\/div>\n\t\t\t\t<section class=\"elementor-section elementor-inner-section elementor-element elementor-element-39fda9df elementor-section-content-middle elementor-section-boxed elementor-section-height-default elementor-section-height-default\" data-id=\"39fda9df\" data-element_type=\"section\" data-e-type=\"section\">\n\t\t\t\t\t\t<div class=\"elementor-container elementor-column-gap-no\">\n\t\t\t\t\t<div class=\"elementor-column elementor-col-33 elementor-inner-column elementor-element elementor-element-4570e600\" data-id=\"4570e600\" data-element_type=\"column\" data-e-type=\"column\">\n\t\t\t<div class=\"elementor-widget-wrap elementor-element-populated\">\n\t\t\t\t\t\t<div class=\"elementor-element elementor-element-36c348be elementor-widget elementor-widget-heading\" data-id=\"36c348be\" data-element_type=\"widget\" data-e-type=\"widget\" data-widget_type=\"heading.default\">\n\t\t\t\t<div class=\"elementor-widget-container\">\n\t\t\t\t\t<h6 class=\"elementor-heading-title elementor-size-default\">Adres<\/h6>\t\t\t\t<\/div>\n\t\t\t\t<\/div>\n\t\t\t\t<div class=\"elementor-element elementor-element-1c584151 elementor-widget elementor-widget-text-editor\" data-id=\"1c584151\" data-element_type=\"widget\" data-e-type=\"widget\" data-widget_type=\"text-editor.default\">\n\t\t\t\t<div class=\"elementor-widget-container\">\n\t\t\t\t\t\t\t\t\t<p>\u00d6zel Medistanbul Hastanesi<\/p><p>Yunus Emre Mh. L\u00fctfi Ayka\u00e7 Blv. No: 80\/G 34260 Sultangazi \/ \u0130STANBUL<\/p>\t\t\t\t\t\t\t\t<\/div>\n\t\t\t\t<\/div>\n\t\t\t\t\t<\/div>\n\t\t<\/div>\n\t\t\t\t<div class=\"elementor-column elementor-col-33 elementor-inner-column elementor-element elementor-element-5fae922d\" data-id=\"5fae922d\" data-element_type=\"column\" data-e-type=\"column\">\n\t\t\t<div class=\"elementor-widget-wrap elementor-element-populated\">\n\t\t\t\t\t\t<div class=\"elementor-element elementor-element-3298ffb8 elementor-absolute elementor-widget elementor-widget-heading\" data-id=\"3298ffb8\" data-element_type=\"widget\" data-e-type=\"widget\" data-settings=\"{&quot;_position&quot;:&quot;absolute&quot;}\" data-widget_type=\"heading.default\">\n\t\t\t\t<div class=\"elementor-widget-container\">\n\t\t\t\t\t<h6 class=\"elementor-heading-title elementor-size-default\">\u00c7al\u0131\u015fma Saatleri<\/h6>\t\t\t\t<\/div>\n\t\t\t\t<\/div>\n\t\t\t\t<div class=\"elementor-element elementor-element-340d6549 elementor-widget elementor-widget-text-editor\" data-id=\"340d6549\" data-element_type=\"widget\" data-e-type=\"widget\" data-widget_type=\"text-editor.default\">\n\t\t\t\t<div class=\"elementor-widget-container\">\n\t\t\t\t\t\t\t\t\t<p>\u00a0<\/p><p>09:00 AM &#8211; 17.00 PM<br \/>Pazartesi &#8211; Cuma<\/p><p>09:00 AM &#8211; 13:00 PM<\/p><p>Cumartesi<\/p><p>\u00a0<\/p><p>\u00a0<\/p>\t\t\t\t\t\t\t\t<\/div>\n\t\t\t\t<\/div>\n\t\t\t\t\t<\/div>\n\t\t<\/div>\n\t\t\t\t<div class=\"elementor-column elementor-col-33 elementor-inner-column elementor-element elementor-element-7078a295\" data-id=\"7078a295\" data-element_type=\"column\" data-e-type=\"column\">\n\t\t\t<div class=\"elementor-widget-wrap elementor-element-populated\">\n\t\t\t\t\t\t<div class=\"elementor-element elementor-element-6fef8a1 elementor-absolute elementor-widget elementor-widget-heading\" data-id=\"6fef8a1\" data-element_type=\"widget\" data-e-type=\"widget\" data-settings=\"{&quot;_position&quot;:&quot;absolute&quot;}\" data-widget_type=\"heading.default\">\n\t\t\t\t<div class=\"elementor-widget-container\">\n\t\t\t\t\t<h6 class=\"elementor-heading-title elementor-size-default\">\u0130leti\u015fim<\/h6>\t\t\t\t<\/div>\n\t\t\t\t<\/div>\n\t\t\t\t<div class=\"elementor-element elementor-element-72a5ed79 elementor-widget elementor-widget-text-editor\" data-id=\"72a5ed79\" data-element_type=\"widget\" data-e-type=\"widget\" data-widget_type=\"text-editor.default\">\n\t\t\t\t<div class=\"elementor-widget-container\">\n\t\t\t\t\t\t\t\t\t<p>Telefon: +908504744747<\/p><p>Email: tubasema84@hotmail.com<\/p>\t\t\t\t\t\t\t\t<\/div>\n\t\t\t\t<\/div>\n\t\t\t\t\t<\/div>\n\t\t<\/div>\n\t\t\t\t\t<\/div>\n\t\t<\/section>\n\t\t\t\t<div class=\"elementor-element elementor-element-4ca62d1f elementor-shape-rounded elementor-grid-0 e-grid-align-center elementor-widget elementor-widget-social-icons\" data-id=\"4ca62d1f\" data-element_type=\"widget\" data-e-type=\"widget\" data-widget_type=\"social-icons.default\">\n\t\t\t\t<div class=\"elementor-widget-container\">\n\t\t\t\t\t\t\t<div class=\"elementor-social-icons-wrapper elementor-grid\" role=\"list\">\n\t\t\t\t\t\t\t<span class=\"elementor-grid-item\" role=\"listitem\">\n\t\t\t\t\t<a class=\"elementor-icon elementor-social-icon elementor-social-icon-facebook-f elementor-animation-grow elementor-repeater-item-9c86cde\" target=\"_blank\">\n\t\t\t\t\t\t<span class=\"elementor-screen-only\">Facebook-f<\/span>\n\t\t\t\t\t\t<i aria-hidden=\"true\" class=\"fab fa-facebook-f\"><\/i>\t\t\t\t\t<\/a>\n\t\t\t\t<\/span>\n\t\t\t\t\t\t\t<span class=\"elementor-grid-item\" role=\"listitem\">\n\t\t\t\t\t<a class=\"elementor-icon elementor-social-icon elementor-social-icon-twitter elementor-animation-grow elementor-repeater-item-7f0e5c7\" target=\"_blank\">\n\t\t\t\t\t\t<span class=\"elementor-screen-only\">Twitter<\/span>\n\t\t\t\t\t\t<i aria-hidden=\"true\" class=\"fab fa-twitter\"><\/i>\t\t\t\t\t<\/a>\n\t\t\t\t<\/span>\n\t\t\t\t\t\t\t<span class=\"elementor-grid-item\" role=\"listitem\">\n\t\t\t\t\t<a class=\"elementor-icon elementor-social-icon elementor-social-icon-google-plus-g elementor-animation-grow elementor-repeater-item-7e1d56b\" target=\"_blank\">\n\t\t\t\t\t\t<span class=\"elementor-screen-only\">Google-plus-g<\/span>\n\t\t\t\t\t\t<i aria-hidden=\"true\" class=\"fab fa-google-plus-g\"><\/i>\t\t\t\t\t<\/a>\n\t\t\t\t<\/span>\n\t\t\t\t\t\t\t<span class=\"elementor-grid-item\" role=\"listitem\">\n\t\t\t\t\t<a class=\"elementor-icon elementor-social-icon elementor-social-icon-instagram elementor-animation-grow elementor-repeater-item-d9a9500\" target=\"_blank\">\n\t\t\t\t\t\t<span class=\"elementor-screen-only\">Instagram<\/span>\n\t\t\t\t\t\t<i aria-hidden=\"true\" class=\"fab fa-instagram\"><\/i>\t\t\t\t\t<\/a>\n\t\t\t\t<\/span>\n\t\t\t\t\t\t\t<span class=\"elementor-grid-item\" role=\"listitem\">\n\t\t\t\t\t<a class=\"elementor-icon elementor-social-icon elementor-social-icon-youtube elementor-animation-grow elementor-repeater-item-75dde21\" target=\"_blank\">\n\t\t\t\t\t\t<span class=\"elementor-screen-only\">Youtube<\/span>\n\t\t\t\t\t\t<i aria-hidden=\"true\" class=\"fab fa-youtube\"><\/i>\t\t\t\t\t<\/a>\n\t\t\t\t<\/span>\n\t\t\t\t\t\t\t<span class=\"elementor-grid-item\" role=\"listitem\">\n\t\t\t\t\t<a class=\"elementor-icon elementor-social-icon elementor-social-icon-linkedin elementor-animation-grow elementor-repeater-item-ce595d3\" target=\"_blank\">\n\t\t\t\t\t\t<span class=\"elementor-screen-only\">Linkedin<\/span>\n\t\t\t\t\t\t<i aria-hidden=\"true\" class=\"fab fa-linkedin\"><\/i>\t\t\t\t\t<\/a>\n\t\t\t\t<\/span>\n\t\t\t\t\t<\/div>\n\t\t\t\t\t\t<\/div>\n\t\t\t\t<\/div>\n\t\t\t\t\t<\/div>\n\t\t<\/div>\n\t\t\t\t\t<\/div>\n\t\t<\/section>\n\t\t\t\t<\/div>\n\t\t","protected":false},"excerpt":{"rendered":"<p>Adres \u00d6zel Medistanbul Hastanesi Yunus Emre Mh. L\u00fctfi Ayka\u00e7 Blv. No: 80\/G 34260 Sultangazi \/ \u0130STANBUL \u00c7al\u0131\u015fma Saatleri \u00a0 09:00<\/p>\n","protected":false},"author":1,"featured_media":0,"parent":0,"menu_order":0,"comment_status":"closed","ping_status":"closed","template":"","meta":{"colormag_page_container_layout":"default_layout","colormag_page_sidebar_layout":"default_layout","_monsterinsights_skip_tracking":false,"_monsterinsights_sitenote_active":false,"_monsterinsights_sitenote_note":"","_monsterinsights_sitenote_category":0,"_joinchat":[],"footnotes":""},"class_list":["post-42","page","type-page","status-publish","hentry"],"yoast_head":"<!-- This site is optimized with the Yoast SEO plugin v27.4 - https:\/\/yoast.com\/product\/yoast-seo-wordpress\/ -->\n<title>ileti\u015fim - Uzman Dr. Tu\u011fba Sema Y\u0131ld\u0131z | Beyin ve Sinir Hastal\u0131klar\u0131 Uzman\u0131<\/title>\n<meta name=\"robots\" content=\"index, follow, max-snippet:-1, max-image-preview:large, max-video-preview:-1\" \/>\n<link rel=\"canonical\" href=\"https:\/\/drtugba.com\/?page_id=42\" \/>\n<meta property=\"og:locale\" content=\"tr_TR\" \/>\n<meta property=\"og:type\" content=\"article\" \/>\n<meta property=\"og:title\" content=\"ileti\u015fim - Uzman Dr. Tu\u011fba Sema Y\u0131ld\u0131z | Beyin ve Sinir Hastal\u0131klar\u0131 Uzman\u0131\" \/>\n<meta property=\"og:description\" content=\"Adres \u00d6zel Medistanbul Hastanesi Yunus Emre Mh. L\u00fctfi Ayka\u00e7 Blv. No: 80\/G 34260 Sultangazi \/ \u0130STANBUL \u00c7al\u0131\u015fma Saatleri \u00a0 09:00\" \/>\n<meta property=\"og:url\" content=\"https:\/\/drtugba.com\/?page_id=42\" \/>\n<meta property=\"og:site_name\" content=\"Uzman Dr. Tu\u011fba Sema Y\u0131ld\u0131z | Beyin ve Sinir Hastal\u0131klar\u0131 Uzman\u0131\" \/>\n<meta property=\"article:modified_time\" content=\"2021-04-18T21:23:09+00:00\" \/>\n<meta name=\"twitter:card\" content=\"summary_large_image\" \/>\n<meta name=\"twitter:label1\" content=\"Tahmini okuma s\u00fcresi\" \/>\n\t<meta name=\"twitter:data1\" content=\"1 dakika\" \/>\n<script type=\"application\/ld+json\" class=\"yoast-schema-graph\">{\"@context\":\"https:\\\/\\\/schema.org\",\"@graph\":[{\"@type\":\"WebPage\",\"@id\":\"https:\\\/\\\/drtugba.com\\\/?page_id=42\",\"url\":\"https:\\\/\\\/drtugba.com\\\/?page_id=42\",\"name\":\"ileti\u015fim - Uzman Dr. Tu\u011fba Sema Y\u0131ld\u0131z | Beyin ve Sinir Hastal\u0131klar\u0131 Uzman\u0131\",\"isPartOf\":{\"@id\":\"https:\\\/\\\/drtugba.com\\\/#website\"},\"datePublished\":\"2020-10-23T20:45:34+00:00\",\"dateModified\":\"2021-04-18T21:23:09+00:00\",\"breadcrumb\":{\"@id\":\"https:\\\/\\\/drtugba.com\\\/?page_id=42#breadcrumb\"},\"inLanguage\":\"tr\",\"potentialAction\":[{\"@type\":\"ReadAction\",\"target\":[\"https:\\\/\\\/drtugba.com\\\/?page_id=42\"]}]},{\"@type\":\"BreadcrumbList\",\"@id\":\"https:\\\/\\\/drtugba.com\\\/?page_id=42#breadcrumb\",\"itemListElement\":[{\"@type\":\"ListItem\",\"position\":1,\"name\":\"Anasayfa\",\"item\":\"https:\\\/\\\/drtugba.com\\\/\"},{\"@type\":\"ListItem\",\"position\":2,\"name\":\"ileti\u015fim\"}]},{\"@type\":\"WebSite\",\"@id\":\"https:\\\/\\\/drtugba.com\\\/#website\",\"url\":\"https:\\\/\\\/drtugba.com\\\/\",\"name\":\"Uzman Dr. Tu\u011fba Sema Y\u0131ld\u0131z | Beyin ve Sinir Hastal\u0131klar\u0131 Uzman\u0131\",\"description\":\"\u0130stanbul N\u00f6roloji Uzman\u0131\",\"publisher\":{\"@id\":\"https:\\\/\\\/drtugba.com\\\/#\\\/schema\\\/person\\\/461fd393c8cfa4e262f32f5f971c30d7\"},\"potentialAction\":[{\"@type\":\"SearchAction\",\"target\":{\"@type\":\"EntryPoint\",\"urlTemplate\":\"https:\\\/\\\/drtugba.com\\\/?s={search_term_string}\"},\"query-input\":{\"@type\":\"PropertyValueSpecification\",\"valueRequired\":true,\"valueName\":\"search_term_string\"}}],\"inLanguage\":\"tr\"},{\"@type\":[\"Person\",\"Organization\"],\"@id\":\"https:\\\/\\\/drtugba.com\\\/#\\\/schema\\\/person\\\/461fd393c8cfa4e262f32f5f971c30d7\",\"name\":\"DrTugba\",\"image\":{\"@type\":\"ImageObject\",\"inLanguage\":\"tr\",\"@id\":\"https:\\\/\\\/secure.gravatar.com\\\/avatar\\\/450a554b919b2a2ca45dc8020aebc7efabad123ba9dca8b269e2be2c6eb77e65?s=96&d=mm&r=g\",\"url\":\"https:\\\/\\\/secure.gravatar.com\\\/avatar\\\/450a554b919b2a2ca45dc8020aebc7efabad123ba9dca8b269e2be2c6eb77e65?s=96&d=mm&r=g\",\"contentUrl\":\"https:\\\/\\\/secure.gravatar.com\\\/avatar\\\/450a554b919b2a2ca45dc8020aebc7efabad123ba9dca8b269e2be2c6eb77e65?s=96&d=mm&r=g\",\"caption\":\"DrTugba\"},\"logo\":{\"@id\":\"https:\\\/\\\/secure.gravatar.com\\\/avatar\\\/450a554b919b2a2ca45dc8020aebc7efabad123ba9dca8b269e2be2c6eb77e65?s=96&d=mm&r=g\"}}]}<\/script>\n<!-- \/ Yoast SEO plugin. -->","yoast_head_json":{"title":"ileti\u015fim - Uzman Dr. Tu\u011fba Sema Y\u0131ld\u0131z | Beyin ve Sinir Hastal\u0131klar\u0131 Uzman\u0131","robots":{"index":"index","follow":"follow","max-snippet":"max-snippet:-1","max-image-preview":"max-image-preview:large","max-video-preview":"max-video-preview:-1"},"canonical":"https:\/\/drtugba.com\/?page_id=42","og_locale":"tr_TR","og_type":"article","og_title":"ileti\u015fim - Uzman Dr. Tu\u011fba Sema Y\u0131ld\u0131z | Beyin ve Sinir Hastal\u0131klar\u0131 Uzman\u0131","og_description":"Adres \u00d6zel Medistanbul Hastanesi Yunus Emre Mh. L\u00fctfi Ayka\u00e7 Blv. No: 80\/G 34260 Sultangazi \/ \u0130STANBUL \u00c7al\u0131\u015fma Saatleri \u00a0 09:00","og_url":"https:\/\/drtugba.com\/?page_id=42","og_site_name":"Uzman Dr. Tu\u011fba Sema Y\u0131ld\u0131z | Beyin ve Sinir Hastal\u0131klar\u0131 Uzman\u0131","article_modified_time":"2021-04-18T21:23:09+00:00","twitter_card":"summary_large_image","twitter_misc":{"Tahmini okuma s\u00fcresi":"1 dakika"},"schema":{"@context":"https:\/\/schema.org","@graph":[{"@type":"WebPage","@id":"https:\/\/drtugba.com\/?page_id=42","url":"https:\/\/drtugba.com\/?page_id=42","name":"ileti\u015fim - Uzman Dr. Tu\u011fba Sema Y\u0131ld\u0131z | Beyin ve Sinir Hastal\u0131klar\u0131 Uzman\u0131","isPartOf":{"@id":"https:\/\/drtugba.com\/#website"},"datePublished":"2020-10-23T20:45:34+00:00","dateModified":"2021-04-18T21:23:09+00:00","breadcrumb":{"@id":"https:\/\/drtugba.com\/?page_id=42#breadcrumb"},"inLanguage":"tr","potentialAction":[{"@type":"ReadAction","target":["https:\/\/drtugba.com\/?page_id=42"]}]},{"@type":"BreadcrumbList","@id":"https:\/\/drtugba.com\/?page_id=42#breadcrumb","itemListElement":[{"@type":"ListItem","position":1,"name":"Anasayfa","item":"https:\/\/drtugba.com\/"},{"@type":"ListItem","position":2,"name":"ileti\u015fim"}]},{"@type":"WebSite","@id":"https:\/\/drtugba.com\/#website","url":"https:\/\/drtugba.com\/","name":"Uzman Dr. Tu\u011fba Sema Y\u0131ld\u0131z | Beyin ve Sinir Hastal\u0131klar\u0131 Uzman\u0131","description":"\u0130stanbul N\u00f6roloji Uzman\u0131","publisher":{"@id":"https:\/\/drtugba.com\/#\/schema\/person\/461fd393c8cfa4e262f32f5f971c30d7"},"potentialAction":[{"@type":"SearchAction","target":{"@type":"EntryPoint","urlTemplate":"https:\/\/drtugba.com\/?s={search_term_string}"},"query-input":{"@type":"PropertyValueSpecification","valueRequired":true,"valueName":"search_term_string"}}],"inLanguage":"tr"},{"@type":["Person","Organization"],"@id":"https:\/\/drtugba.com\/#\/schema\/person\/461fd393c8cfa4e262f32f5f971c30d7","name":"DrTugba","image":{"@type":"ImageObject","inLanguage":"tr","@id":"https:\/\/secure.gravatar.com\/avatar\/450a554b919b2a2ca45dc8020aebc7efabad123ba9dca8b269e2be2c6eb77e65?s=96&d=mm&r=g","url":"https:\/\/secure.gravatar.com\/avatar\/450a554b919b2a2ca45dc8020aebc7efabad123ba9dca8b269e2be2c6eb77e65?s=96&d=mm&r=g","contentUrl":"https:\/\/secure.gravatar.com\/avatar\/450a554b919b2a2ca45dc8020aebc7efabad123ba9dca8b269e2be2c6eb77e65?s=96&d=mm&r=g","caption":"DrTugba"},"logo":{"@id":"https:\/\/secure.gravatar.com\/avatar\/450a554b919b2a2ca45dc8020aebc7efabad123ba9dca8b269e2be2c6eb77e65?s=96&d=mm&r=g"}}]}},"jetpack_sharing_enabled":true,"_links":{"self":[{"href":"https:\/\/drtugba.com\/index.php?rest_route=\/wp\/v2\/pages\/42","targetHints":{"allow":["GET"]}}],"collection":[{"href":"https:\/\/drtugba.com\/index.php?rest_route=\/wp\/v2\/pages"}],"about":[{"href":"https:\/\/drtugba.com\/index.php?rest_route=\/wp\/v2\/types\/page"}],"author":[{"embeddable":true,"href":"https:\/\/drtugba.com\/index.php?rest_route=\/wp\/v2\/users\/1"}],"replies":[{"embeddable":true,"href":"https:\/\/drtugba.com\/index.php?rest_route=%2Fwp%2Fv2%2Fcomments&post=42"}],"version-history":[{"count":28,"href":"https:\/\/drtugba.com\/index.php?rest_route=\/wp\/v2\/pages\/42\/revisions"}],"predecessor-version":[{"id":180,"href":"https:\/\/drtugba.com\/index.php?rest_route=\/wp\/v2\/pages\/42\/revisions\/180"}],"wp:attachment":[{"href":"https:\/\/drtugba.com\/index.php?rest_route=%2Fwp%2Fv2%2Fmedia&parent=42"}],"curies":[{"name":"wp","href":"https:\/\/api.w.org\/{rel}","templated":true}]}}